{"id":6465,"date":"2013-06-07T11:00:28","date_gmt":"2013-06-07T11:00:28","guid":{"rendered":"http:\/\/demo2.woothemes.com\/woocommerce\/?post_type=product&#038;p=40"},"modified":"2023-05-05T22:07:16","modified_gmt":"2023-05-05T22:07:16","slug":"ebook-cuartos-hoteleria-frances","status":"publish","type":"product","link":"https:\/\/amamosidiomas.com\/pl\/producto\/ebook-cuartos-hoteleria-frances\/","title":{"rendered":"Ebook- tipos del cuarto en la hoteler\u00eda en franc\u00e9s"},"content":{"rendered":"<p>Descarga este ebook para aprender todos los tipos del cuarto en idioma franc\u00e9s. Este libro puedes obtener gratis si te inscribes a nuestro curso online de la hoteler\u00eda en franc\u00e9s para los principiantes.<\/p>\n","protected":false},"excerpt":{"rendered":"<p>Pellentesque habitant morbi tristique senectus et netus et malesuada fames ac turpis egestas. Vestibulum tortor quam, feugiat vitae, ultricies eget, tempor sit amet, ante. Donec eu libero sit amet quam egestas semper. Aenean ultricies mi vitae est. Mauris placerat eleifend leo.<\/p>\n","protected":false},"featured_media":6615,"template":"","meta":{"pmpro_default_level":"","_monsterinsights_skip_tracking":false,"_monsterinsights_sitenote_active":false,"_monsterinsights_sitenote_note":"","_monsterinsights_sitenote_category":0,"_joinchat":[]},"product_cat":[897,761,862],"product_tag":[],"yoast_head":"<!-- This site is optimized with the Yoast SEO plugin v21.8.1 - https:\/\/yoast.com\/wordpress\/plugins\/seo\/ -->\n<title>Ebook- tipos del cuarto en la hoteler\u00eda en franc\u00e9s - Amamos Idiomas<\/title>\n<meta name=\"robots\" content=\"index, follow, max-snippet:-1, max-image-preview:large, max-video-preview:-1\" \/>\n<link rel=\"canonical\" href=\"https:\/\/amamosidiomas.com\/producto\/ebook-cuartos-hoteleria-frances\/\" \/>\n<meta property=\"og:locale\" content=\"pl_PL\" \/>\n<meta property=\"og:type\" content=\"article\" \/>\n<meta property=\"og:title\" content=\"Ebook- tipos del cuarto en la hoteler\u00eda en franc\u00e9s - Amamos Idiomas\" \/>\n<meta property=\"og:description\" content=\"Pellentesque habitant morbi tristique senectus et netus et malesuada fames ac turpis egestas. Vestibulum tortor quam, feugiat vitae, ultricies eget, tempor sit amet, ante. Donec eu libero sit amet quam egestas semper. Aenean ultricies mi vitae est. Mauris placerat eleifend leo.\" \/>\n<meta property=\"og:url\" content=\"https:\/\/amamosidiomas.com\/producto\/ebook-cuartos-hoteleria-frances\/\" \/>\n<meta property=\"og:site_name\" content=\"Amamos Idiomas\" \/>\n<meta property=\"article:modified_time\" content=\"2023-05-05T22:07:16+00:00\" \/>\n<meta property=\"og:image\" content=\"https:\/\/amamosidiomas.com\/wp-content\/uploads\/2013\/06\/tipos-del-cuarto-hoteleria-en-frances.jpg\" \/>\n\t<meta property=\"og:image:width\" content=\"707\" \/>\n\t<meta property=\"og:image:height\" content=\"1000\" \/>\n\t<meta property=\"og:image:type\" content=\"image\/jpeg\" \/>\n<meta name=\"twitter:card\" content=\"summary_large_image\" \/>\n<meta name=\"twitter:label1\" content=\"Szacowany czas czytania\" \/>\n\t<meta name=\"twitter:data1\" content=\"1 minuta\" \/>\n<script type=\"application\/ld+json\" class=\"yoast-schema-graph\">{\"@context\":\"https:\/\/schema.org\",\"@graph\":[{\"@type\":\"WebPage\",\"@id\":\"https:\/\/amamosidiomas.com\/producto\/ebook-cuartos-hoteleria-frances\/\",\"url\":\"https:\/\/amamosidiomas.com\/producto\/ebook-cuartos-hoteleria-frances\/\",\"name\":\"Ebook- tipos del cuarto en la hoteler\u00eda en franc\u00e9s - Amamos Idiomas\",\"isPartOf\":{\"@id\":\"https:\/\/amamosidiomas.com\/#website\"},\"datePublished\":\"2013-06-07T11:00:28+00:00\",\"dateModified\":\"2023-05-05T22:07:16+00:00\",\"breadcrumb\":{\"@id\":\"https:\/\/amamosidiomas.com\/producto\/ebook-cuartos-hoteleria-frances\/#breadcrumb\"},\"inLanguage\":\"pl-PL\",\"potentialAction\":[{\"@type\":\"ReadAction\",\"target\":[\"https:\/\/amamosidiomas.com\/producto\/ebook-cuartos-hoteleria-frances\/\"]}]},{\"@type\":\"BreadcrumbList\",\"@id\":\"https:\/\/amamosidiomas.com\/producto\/ebook-cuartos-hoteleria-frances\/#breadcrumb\",\"itemListElement\":[{\"@type\":\"ListItem\",\"position\":1,\"name\":\"Home\",\"item\":\"https:\/\/amamosidiomas.com\/\"},{\"@type\":\"ListItem\",\"position\":2,\"name\":\"Sklep\",\"item\":\"https:\/\/amamosidiomas.com\/pl\/sklep\/\"},{\"@type\":\"ListItem\",\"position\":3,\"name\":\"Ebook- tipos del cuarto en la hoteler\u00eda en franc\u00e9s\"}]},{\"@type\":\"WebSite\",\"@id\":\"https:\/\/amamosidiomas.com\/#website\",\"url\":\"https:\/\/amamosidiomas.com\/\",\"name\":\"Amamos Idiomas\",\"description\":\"Cursos online polaco - franc\u00e9s - espa\u00f1ol para extranjeros\",\"potentialAction\":[{\"@type\":\"SearchAction\",\"target\":{\"@type\":\"EntryPoint\",\"urlTemplate\":\"https:\/\/amamosidiomas.com\/?s={search_term_string}\"},\"query-input\":\"required name=search_term_string\"}],\"inLanguage\":\"pl-PL\"}]}<\/script>\n<!-- \/ Yoast SEO plugin. -->","yoast_head_json":{"title":"Ebook- tipos del cuarto en la hoteler\u00eda en franc\u00e9s - Amamos Idiomas","robots":{"index":"index","follow":"follow","max-snippet":"max-snippet:-1","max-image-preview":"max-image-preview:large","max-video-preview":"max-video-preview:-1"},"canonical":"https:\/\/amamosidiomas.com\/producto\/ebook-cuartos-hoteleria-frances\/","og_locale":"pl_PL","og_type":"article","og_title":"Ebook- tipos del cuarto en la hoteler\u00eda en franc\u00e9s - Amamos Idiomas","og_description":"Pellentesque habitant morbi tristique senectus et netus et malesuada fames ac turpis egestas. Vestibulum tortor quam, feugiat vitae, ultricies eget, tempor sit amet, ante. Donec eu libero sit amet quam egestas semper. Aenean ultricies mi vitae est. Mauris placerat eleifend leo.","og_url":"https:\/\/amamosidiomas.com\/producto\/ebook-cuartos-hoteleria-frances\/","og_site_name":"Amamos Idiomas","article_modified_time":"2023-05-05T22:07:16+00:00","og_image":[{"width":707,"height":1000,"url":"https:\/\/amamosidiomas.com\/wp-content\/uploads\/2013\/06\/tipos-del-cuarto-hoteleria-en-frances.jpg","type":"image\/jpeg"}],"twitter_card":"summary_large_image","twitter_misc":{"Szacowany czas czytania":"1 minuta"},"schema":{"@context":"https:\/\/schema.org","@graph":[{"@type":"WebPage","@id":"https:\/\/amamosidiomas.com\/producto\/ebook-cuartos-hoteleria-frances\/","url":"https:\/\/amamosidiomas.com\/producto\/ebook-cuartos-hoteleria-frances\/","name":"Ebook- tipos del cuarto en la hoteler\u00eda en franc\u00e9s - Amamos Idiomas","isPartOf":{"@id":"https:\/\/amamosidiomas.com\/#website"},"datePublished":"2013-06-07T11:00:28+00:00","dateModified":"2023-05-05T22:07:16+00:00","breadcrumb":{"@id":"https:\/\/amamosidiomas.com\/producto\/ebook-cuartos-hoteleria-frances\/#breadcrumb"},"inLanguage":"pl-PL","potentialAction":[{"@type":"ReadAction","target":["https:\/\/amamosidiomas.com\/producto\/ebook-cuartos-hoteleria-frances\/"]}]},{"@type":"BreadcrumbList","@id":"https:\/\/amamosidiomas.com\/producto\/ebook-cuartos-hoteleria-frances\/#breadcrumb","itemListElement":[{"@type":"ListItem","position":1,"name":"Home","item":"https:\/\/amamosidiomas.com\/"},{"@type":"ListItem","position":2,"name":"Sklep","item":"https:\/\/amamosidiomas.com\/pl\/sklep\/"},{"@type":"ListItem","position":3,"name":"Ebook- tipos del cuarto en la hoteler\u00eda en franc\u00e9s"}]},{"@type":"WebSite","@id":"https:\/\/amamosidiomas.com\/#website","url":"https:\/\/amamosidiomas.com\/","name":"Amamos Idiomas","description":"Cursos online polaco - franc\u00e9s - espa\u00f1ol para extranjeros","potentialAction":[{"@type":"SearchAction","target":{"@type":"EntryPoint","urlTemplate":"https:\/\/amamosidiomas.com\/?s={search_term_string}"},"query-input":"required name=search_term_string"}],"inLanguage":"pl-PL"}]}},"_links":{"self":[{"href":"https:\/\/amamosidiomas.com\/pl\/wp-json\/wp\/v2\/product\/6465"}],"collection":[{"href":"https:\/\/amamosidiomas.com\/pl\/wp-json\/wp\/v2\/product"}],"about":[{"href":"https:\/\/amamosidiomas.com\/pl\/wp-json\/wp\/v2\/types\/product"}],"version-history":[{"count":2,"href":"https:\/\/amamosidiomas.com\/pl\/wp-json\/wp\/v2\/product\/6465\/revisions"}],"predecessor-version":[{"id":20919,"href":"https:\/\/amamosidiomas.com\/pl\/wp-json\/wp\/v2\/product\/6465\/revisions\/20919"}],"wp:featuredmedia":[{"embeddable":true,"href":"https:\/\/amamosidiomas.com\/pl\/wp-json\/wp\/v2\/media\/6615"}],"wp:attachment":[{"href":"https:\/\/amamosidiomas.com\/pl\/wp-json\/wp\/v2\/media?parent=6465"}],"wp:term":[{"taxonomy":"product_cat","embeddable":true,"href":"https:\/\/amamosidiomas.com\/pl\/wp-json\/wp\/v2\/product_cat?post=6465"},{"taxonomy":"product_tag","embeddable":true,"href":"https:\/\/amamosidiomas.com\/pl\/wp-json\/wp\/v2\/product_tag?post=6465"}],"curies":[{"name":"wp","href":"https:\/\/api.w.org\/{rel}","templated":true}]}}