{"id":6464,"date":"2013-06-07T10:53:15","date_gmt":"2013-06-07T10:53:15","guid":{"rendered":"http:\/\/demo2.woothemes.com\/woocommerce\/?post_type=product&#038;p=37"},"modified":"2023-05-05T22:10:19","modified_gmt":"2023-05-05T22:10:19","slug":"planner-agenda-aprender-polaco","status":"publish","type":"product","link":"https:\/\/amamosidiomas.com\/pl\/producto\/planner-agenda-aprender-polaco\/","title":{"rendered":"Agenda en polaco: Planner para aprender idioma polaco m\u00e1s r\u00e1pido y eficaz"},"content":{"rendered":"<p>\u00bfAprendes idioma polaco? \u00bfTe falta motivaci\u00f3n, disciplina o simplemente orden de acciones?<\/p>\n<h2 class=\"entry-title\">C\u00f3mo Organizar tu d\u00eda?<\/h2>\n<p>Si te preguntas eso seguramente esta agenda descargable te puede ayudar. Este es planner para organizar su aprendizaje de forma agradable y disciplinada. Imprima este ebook y responda a las preguntas cada d\u00eda. Ver\u00e1s que haciendo tus actividades habituales puedes a aprender idioma polaco creando mini h\u00e1bitos invisibles. Este m\u00e9todo te pedir\u00e1 solo 5 minutos de atenci\u00f3n diaria al momento de descubrir tu tarea y anotar tus conclusiones.<\/p>\n<h2>Couching con agenda para aprender polaco<\/h2>\n<p>Este m\u00e9todo de couching ling\u00fc\u00edstico permite enfocarte en tus objetivos y cumplir las metas.<\/p>\n<p>Toma conciencia del empleo de tu tiempo personal y aprov\u00e9chalo mejor gracias a este planner. Programa con antelaci\u00f3n tus actividades diarias, adquiera un compromiso contigo mismo planificando todas las tareas. Es un gran tips, a nivel consciente y inconsciente para que aproveches tu tiempo de manera productiva.<\/p>\n<p>Agenda en polaco te permite cumplir tus objetivos de forma sencilla. Agenda todo lo que haces:<\/p>\n<ul>\n<li>Un plan de estudio lleva un seguimiento de tu progreso. Analiza y mejora tus acostumbres! De esta manera tu aprendizaje sea m\u00e1s productivo.<\/li>\n<li>Entrenamiento en idioma polaco. Disfruta de la m\u00fasica y redes sociales de manera productiva.<\/li>\n<\/ul>\n<ul>\n<li>Tu plan de estudio indica los objetivos claros. Cada d\u00eda sabes d\u00f3nde empezar y c\u00f3mo continuar.<\/li>\n<li>Motivaci\u00f3n est\u00e1 en la organizaci\u00f3n diaria. Necesitas seguir aprendiendo!<\/li>\n<\/ul>\n<p>Ahora puedes disfrutar tu plan de estudio con el contenido diario. Us\u00e9 estas ideas aprendiendo 5 idiomas que conozco al nivel B2-C2.<\/p>\n<p>Ya tienes listo tu plan de estudio simple y agradable para descargar!<\/p>\n<p>Prueba a usar estas t\u00e9cnicas para que el aprendizaje de polaco sea perfecto.<\/p>\n<p>50 paginas de motivaci\u00f3n y organizaci\u00f3n!<\/p>\n","protected":false},"excerpt":{"rendered":"<p>Este es un planner para organizar su aprendizaje de forma agradable y disciplinada. Imprima este ebook y responda a las preguntas cada d\u00eda.<\/p>\n<p>Este m\u00e9todo de couching ling\u00fc\u00edstico permite enfocarte en tus objetivos y cumplir las metas.<\/p>\n","protected":false},"featured_media":14135,"template":"","meta":{"pmpro_default_level":"","_monsterinsights_skip_tracking":false,"_monsterinsights_sitenote_active":false,"_monsterinsights_sitenote_note":"","_monsterinsights_sitenote_category":0,"_joinchat":[]},"product_cat":[897,863],"product_tag":[1030,1032,1031],"yoast_head":"<!-- This site is optimized with the Yoast SEO plugin v21.8.1 - https:\/\/yoast.com\/wordpress\/plugins\/seo\/ -->\n<title>Planner para aprender idioma polaco m\u00e1s r\u00e1pido y eficaz<\/title>\n<meta name=\"description\" content=\"Planner para aprender idioma polaco. Organiza tus actividades y crea nuevos habitos para aprender polaco con esta agenda.\" \/>\n<meta name=\"robots\" content=\"index, follow, max-snippet:-1, max-image-preview:large, max-video-preview:-1\" \/>\n<link rel=\"canonical\" href=\"https:\/\/amamosidiomas.com\/producto\/planner-agenda-aprender-polaco\/\" \/>\n<meta property=\"og:locale\" content=\"pl_PL\" \/>\n<meta property=\"og:type\" content=\"article\" \/>\n<meta property=\"og:title\" content=\"Planner para aprender idioma polaco m\u00e1s r\u00e1pido y eficaz\" \/>\n<meta property=\"og:description\" content=\"Planner para aprender idioma polaco. Organiza tus actividades y crea nuevos habitos para aprender polaco con esta agenda.\" \/>\n<meta property=\"og:url\" content=\"https:\/\/amamosidiomas.com\/producto\/planner-agenda-aprender-polaco\/\" \/>\n<meta property=\"og:site_name\" content=\"Amamos Idiomas\" \/>\n<meta property=\"article:modified_time\" content=\"2023-05-05T22:10:19+00:00\" \/>\n<meta property=\"og:image\" content=\"https:\/\/amamosidiomas.com\/wp-content\/uploads\/2013\/06\/agenda-polaca-2.jpg\" \/>\n\t<meta property=\"og:image:width\" content=\"1414\" \/>\n\t<meta property=\"og:image:height\" content=\"2000\" \/>\n\t<meta property=\"og:image:type\" content=\"image\/jpeg\" \/>\n<meta name=\"twitter:card\" content=\"summary_large_image\" \/>\n<meta name=\"twitter:label1\" content=\"Szacowany czas czytania\" \/>\n\t<meta name=\"twitter:data1\" content=\"2 minuty\" \/>\n<script type=\"application\/ld+json\" class=\"yoast-schema-graph\">{\"@context\":\"https:\/\/schema.org\",\"@graph\":[{\"@type\":\"WebPage\",\"@id\":\"https:\/\/amamosidiomas.com\/producto\/planner-agenda-aprender-polaco\/\",\"url\":\"https:\/\/amamosidiomas.com\/producto\/planner-agenda-aprender-polaco\/\",\"name\":\"Planner para aprender idioma polaco m\u00e1s r\u00e1pido y eficaz\",\"isPartOf\":{\"@id\":\"https:\/\/amamosidiomas.com\/#website\"},\"datePublished\":\"2013-06-07T10:53:15+00:00\",\"dateModified\":\"2023-05-05T22:10:19+00:00\",\"description\":\"Planner para aprender idioma polaco. Organiza tus actividades y crea nuevos habitos para aprender polaco con esta agenda.\",\"breadcrumb\":{\"@id\":\"https:\/\/amamosidiomas.com\/producto\/planner-agenda-aprender-polaco\/#breadcrumb\"},\"inLanguage\":\"pl-PL\",\"potentialAction\":[{\"@type\":\"ReadAction\",\"target\":[\"https:\/\/amamosidiomas.com\/producto\/planner-agenda-aprender-polaco\/\"]}]},{\"@type\":\"BreadcrumbList\",\"@id\":\"https:\/\/amamosidiomas.com\/producto\/planner-agenda-aprender-polaco\/#breadcrumb\",\"itemListElement\":[{\"@type\":\"ListItem\",\"position\":1,\"name\":\"Home\",\"item\":\"https:\/\/amamosidiomas.com\/\"},{\"@type\":\"ListItem\",\"position\":2,\"name\":\"Sklep\",\"item\":\"https:\/\/amamosidiomas.com\/pl\/sklep\/\"},{\"@type\":\"ListItem\",\"position\":3,\"name\":\"Agenda en polaco: Planner para aprender idioma polaco m\u00e1s r\u00e1pido y eficaz\"}]},{\"@type\":\"WebSite\",\"@id\":\"https:\/\/amamosidiomas.com\/#website\",\"url\":\"https:\/\/amamosidiomas.com\/\",\"name\":\"Amamos Idiomas\",\"description\":\"Cursos online polaco - franc\u00e9s - espa\u00f1ol para extranjeros\",\"potentialAction\":[{\"@type\":\"SearchAction\",\"target\":{\"@type\":\"EntryPoint\",\"urlTemplate\":\"https:\/\/amamosidiomas.com\/?s={search_term_string}\"},\"query-input\":\"required name=search_term_string\"}],\"inLanguage\":\"pl-PL\"}]}<\/script>\n<!-- \/ Yoast SEO plugin. -->","yoast_head_json":{"title":"Planner para aprender idioma polaco m\u00e1s r\u00e1pido y eficaz","description":"Planner para aprender idioma polaco. Organiza tus actividades y crea nuevos habitos para aprender polaco con esta agenda.","robots":{"index":"index","follow":"follow","max-snippet":"max-snippet:-1","max-image-preview":"max-image-preview:large","max-video-preview":"max-video-preview:-1"},"canonical":"https:\/\/amamosidiomas.com\/producto\/planner-agenda-aprender-polaco\/","og_locale":"pl_PL","og_type":"article","og_title":"Planner para aprender idioma polaco m\u00e1s r\u00e1pido y eficaz","og_description":"Planner para aprender idioma polaco. Organiza tus actividades y crea nuevos habitos para aprender polaco con esta agenda.","og_url":"https:\/\/amamosidiomas.com\/producto\/planner-agenda-aprender-polaco\/","og_site_name":"Amamos Idiomas","article_modified_time":"2023-05-05T22:10:19+00:00","og_image":[{"width":1414,"height":2000,"url":"https:\/\/amamosidiomas.com\/wp-content\/uploads\/2013\/06\/agenda-polaca-2.jpg","type":"image\/jpeg"}],"twitter_card":"summary_large_image","twitter_misc":{"Szacowany czas czytania":"2 minuty"},"schema":{"@context":"https:\/\/schema.org","@graph":[{"@type":"WebPage","@id":"https:\/\/amamosidiomas.com\/producto\/planner-agenda-aprender-polaco\/","url":"https:\/\/amamosidiomas.com\/producto\/planner-agenda-aprender-polaco\/","name":"Planner para aprender idioma polaco m\u00e1s r\u00e1pido y eficaz","isPartOf":{"@id":"https:\/\/amamosidiomas.com\/#website"},"datePublished":"2013-06-07T10:53:15+00:00","dateModified":"2023-05-05T22:10:19+00:00","description":"Planner para aprender idioma polaco. Organiza tus actividades y crea nuevos habitos para aprender polaco con esta agenda.","breadcrumb":{"@id":"https:\/\/amamosidiomas.com\/producto\/planner-agenda-aprender-polaco\/#breadcrumb"},"inLanguage":"pl-PL","potentialAction":[{"@type":"ReadAction","target":["https:\/\/amamosidiomas.com\/producto\/planner-agenda-aprender-polaco\/"]}]},{"@type":"BreadcrumbList","@id":"https:\/\/amamosidiomas.com\/producto\/planner-agenda-aprender-polaco\/#breadcrumb","itemListElement":[{"@type":"ListItem","position":1,"name":"Home","item":"https:\/\/amamosidiomas.com\/"},{"@type":"ListItem","position":2,"name":"Sklep","item":"https:\/\/amamosidiomas.com\/pl\/sklep\/"},{"@type":"ListItem","position":3,"name":"Agenda en polaco: Planner para aprender idioma polaco m\u00e1s r\u00e1pido y eficaz"}]},{"@type":"WebSite","@id":"https:\/\/amamosidiomas.com\/#website","url":"https:\/\/amamosidiomas.com\/","name":"Amamos Idiomas","description":"Cursos online polaco - franc\u00e9s - espa\u00f1ol para extranjeros","potentialAction":[{"@type":"SearchAction","target":{"@type":"EntryPoint","urlTemplate":"https:\/\/amamosidiomas.com\/?s={search_term_string}"},"query-input":"required name=search_term_string"}],"inLanguage":"pl-PL"}]}},"_links":{"self":[{"href":"https:\/\/amamosidiomas.com\/pl\/wp-json\/wp\/v2\/product\/6464"}],"collection":[{"href":"https:\/\/amamosidiomas.com\/pl\/wp-json\/wp\/v2\/product"}],"about":[{"href":"https:\/\/amamosidiomas.com\/pl\/wp-json\/wp\/v2\/types\/product"}],"version-history":[{"count":1,"href":"https:\/\/amamosidiomas.com\/pl\/wp-json\/wp\/v2\/product\/6464\/revisions"}],"predecessor-version":[{"id":20899,"href":"https:\/\/amamosidiomas.com\/pl\/wp-json\/wp\/v2\/product\/6464\/revisions\/20899"}],"wp:featuredmedia":[{"embeddable":true,"href":"https:\/\/amamosidiomas.com\/pl\/wp-json\/wp\/v2\/media\/14135"}],"wp:attachment":[{"href":"https:\/\/amamosidiomas.com\/pl\/wp-json\/wp\/v2\/media?parent=6464"}],"wp:term":[{"taxonomy":"product_cat","embeddable":true,"href":"https:\/\/amamosidiomas.com\/pl\/wp-json\/wp\/v2\/product_cat?post=6464"},{"taxonomy":"product_tag","embeddable":true,"href":"https:\/\/amamosidiomas.com\/pl\/wp-json\/wp\/v2\/product_tag?post=6464"}],"curies":[{"name":"wp","href":"https:\/\/api.w.org\/{rel}","templated":true}]}}