{"id":13915,"date":"2021-12-14T16:36:37","date_gmt":"2021-12-14T16:36:37","guid":{"rendered":"https:\/\/amamosidiomas.com\/?post_type=product&#038;p=13915"},"modified":"2024-09-02T21:18:52","modified_gmt":"2024-09-02T21:18:52","slug":"ebook-nacionalidades-latinas-segun-los-casos","status":"publish","type":"product","link":"https:\/\/amamosidiomas.com\/pl\/producto\/ebook-nacionalidades-latinas-segun-los-casos\/","title":{"rendered":"Ebook: &#8220;Nacionalidades latinas seg\u00fan los casos&#8221;"},"content":{"rendered":"<p><span style=\"font-weight: 400;\">Este ebook es una fuente de sabidur\u00eda para cada Latino y Espa\u00f1ol. No solo vas a saber como hablar sobre tu nacionalidad en cada contexto gramatical pero tambi\u00e9n entender\u00e1s los casos polacos.<\/span><\/p>\n<p><span style=\"font-weight: 400;\">Una clase de gram\u00e1tica muy \u00fatil para presentarte, hablar sobre la gente de tu pa\u00eds, comida y costumbres. Para contar bien tus historias personales es primordial conocer el adjetivo que determina tu nacionalidad!<\/span><\/p>\n<p><span style=\"font-weight: 400;\">Los ejemplos de frases est\u00e1n escritos a la base de los casos que hace una clase de introducci\u00f3n a este tema gramatical. Explicamos desde cero \u00bfQu\u00e9 funci\u00f3n tienen? \u00bfCu\u00e1ntos son? \u00bfC\u00f3mo los identificar\u00e1s? \u00bfPor qu\u00e9 no existen en el idioma espa\u00f1ol? \u00bfC\u00f3mo aprenderlos para hablar polaco?<\/span><\/p>\n<p><span style=\"font-weight: 400;\">Hay cap\u00edtulos separados para Argentinos, Colombianos, Espa\u00f1oles, Peruanos, Ecuatorianos, Chilenos, Bolivianos, Venezolanos, Cubanos, Uruguayos, Mexicanos, etc.<\/span><\/p>\n<p><span style=\"font-weight: 400;\">\u00a1M\u00e1s de 100 p\u00e1ginas sobre aprendizaje de idioma polaco destinado \u00fanicamente a los hispanohablantes!<\/span><\/p>\n","protected":false},"excerpt":{"rendered":"<p>Este ebook es una fuente de sabidur\u00eda para cada Latino y Espa\u00f1ol. No solo vas a saber como hablar sobre tu nacionalidad en cada contexto gramatical pero tambi\u00e9n entender\u00e1s los casos polacos. Una clase de gram\u00e1tica muy \u00fatil para presentarte, &hellip; <\/p>\n","protected":false},"featured_media":14093,"template":"","meta":{"pmpro_default_level":"","_monsterinsights_skip_tracking":false,"_monsterinsights_sitenote_active":false,"_monsterinsights_sitenote_note":"","_monsterinsights_sitenote_category":0,"_joinchat":[]},"product_cat":[897,863,864,861],"product_tag":[1117,1123,1121,1118,1120,1125,1116,1119,1122,1124],"yoast_head":"<!-- This site is optimized with the Yoast SEO plugin v21.8.1 - https:\/\/yoast.com\/wordpress\/plugins\/seo\/ -->\n<title>Ebook: Latino, tu nacionalidad bien dicha en polaco Aprende casos<\/title>\n<meta name=\"description\" content=\"Aprende casos polacos en tus primeras frases en idioma polaco. Habla sobre tu nacionalidad latinoamericana o espa\u00f1ola correctamente en polaco.\" \/>\n<meta name=\"robots\" content=\"index, follow, max-snippet:-1, max-image-preview:large, max-video-preview:-1\" \/>\n<link rel=\"canonical\" href=\"https:\/\/amamosidiomas.com\/producto\/ebook-nacionalidades-latinas-segun-los-casos\/\" \/>\n<meta property=\"og:locale\" content=\"pl_PL\" \/>\n<meta property=\"og:type\" content=\"article\" \/>\n<meta property=\"og:title\" content=\"Ebook: Latino, tu nacionalidad bien dicha en polaco Aprende casos\" \/>\n<meta property=\"og:description\" content=\"Aprende casos polacos en tus primeras frases en idioma polaco. Habla sobre tu nacionalidad latinoamericana o espa\u00f1ola correctamente en polaco.\" \/>\n<meta property=\"og:url\" content=\"https:\/\/amamosidiomas.com\/producto\/ebook-nacionalidades-latinas-segun-los-casos\/\" \/>\n<meta property=\"og:site_name\" content=\"Amamos Idiomas\" \/>\n<meta property=\"article:modified_time\" content=\"2024-09-02T21:18:52+00:00\" \/>\n<meta property=\"og:image\" content=\"https:\/\/amamosidiomas.com\/wp-content\/uploads\/2021\/12\/MOCK-UP-EBOOK.png\" \/>\n\t<meta property=\"og:image:width\" content=\"1400\" \/>\n\t<meta property=\"og:image:height\" content=\"1000\" \/>\n\t<meta property=\"og:image:type\" content=\"image\/png\" \/>\n<meta name=\"twitter:card\" content=\"summary_large_image\" \/>\n<meta name=\"twitter:label1\" content=\"Szacowany czas czytania\" \/>\n\t<meta name=\"twitter:data1\" content=\"1 minuta\" \/>\n<script type=\"application\/ld+json\" class=\"yoast-schema-graph\">{\"@context\":\"https:\/\/schema.org\",\"@graph\":[{\"@type\":\"WebPage\",\"@id\":\"https:\/\/amamosidiomas.com\/producto\/ebook-nacionalidades-latinas-segun-los-casos\/\",\"url\":\"https:\/\/amamosidiomas.com\/producto\/ebook-nacionalidades-latinas-segun-los-casos\/\",\"name\":\"Ebook: Latino, tu nacionalidad bien dicha en polaco Aprende casos\",\"isPartOf\":{\"@id\":\"https:\/\/amamosidiomas.com\/#website\"},\"datePublished\":\"2021-12-14T16:36:37+00:00\",\"dateModified\":\"2024-09-02T21:18:52+00:00\",\"description\":\"Aprende casos polacos en tus primeras frases en idioma polaco. Habla sobre tu nacionalidad latinoamericana o espa\u00f1ola correctamente en polaco.\",\"breadcrumb\":{\"@id\":\"https:\/\/amamosidiomas.com\/producto\/ebook-nacionalidades-latinas-segun-los-casos\/#breadcrumb\"},\"inLanguage\":\"pl-PL\",\"potentialAction\":[{\"@type\":\"ReadAction\",\"target\":[\"https:\/\/amamosidiomas.com\/producto\/ebook-nacionalidades-latinas-segun-los-casos\/\"]}]},{\"@type\":\"BreadcrumbList\",\"@id\":\"https:\/\/amamosidiomas.com\/producto\/ebook-nacionalidades-latinas-segun-los-casos\/#breadcrumb\",\"itemListElement\":[{\"@type\":\"ListItem\",\"position\":1,\"name\":\"Home\",\"item\":\"https:\/\/amamosidiomas.com\/\"},{\"@type\":\"ListItem\",\"position\":2,\"name\":\"Sklep\",\"item\":\"https:\/\/amamosidiomas.com\/pl\/sklep\/\"},{\"@type\":\"ListItem\",\"position\":3,\"name\":\"Ebook: &#8220;Nacionalidades latinas seg\u00fan los casos&#8221;\"}]},{\"@type\":\"WebSite\",\"@id\":\"https:\/\/amamosidiomas.com\/#website\",\"url\":\"https:\/\/amamosidiomas.com\/\",\"name\":\"Amamos Idiomas\",\"description\":\"Cursos online polaco - franc\u00e9s - espa\u00f1ol para extranjeros\",\"potentialAction\":[{\"@type\":\"SearchAction\",\"target\":{\"@type\":\"EntryPoint\",\"urlTemplate\":\"https:\/\/amamosidiomas.com\/?s={search_term_string}\"},\"query-input\":\"required name=search_term_string\"}],\"inLanguage\":\"pl-PL\"}]}<\/script>\n<!-- \/ Yoast SEO plugin. -->","yoast_head_json":{"title":"Ebook: Latino, tu nacionalidad bien dicha en polaco Aprende casos","description":"Aprende casos polacos en tus primeras frases en idioma polaco. Habla sobre tu nacionalidad latinoamericana o espa\u00f1ola correctamente en polaco.","robots":{"index":"index","follow":"follow","max-snippet":"max-snippet:-1","max-image-preview":"max-image-preview:large","max-video-preview":"max-video-preview:-1"},"canonical":"https:\/\/amamosidiomas.com\/producto\/ebook-nacionalidades-latinas-segun-los-casos\/","og_locale":"pl_PL","og_type":"article","og_title":"Ebook: Latino, tu nacionalidad bien dicha en polaco Aprende casos","og_description":"Aprende casos polacos en tus primeras frases en idioma polaco. Habla sobre tu nacionalidad latinoamericana o espa\u00f1ola correctamente en polaco.","og_url":"https:\/\/amamosidiomas.com\/producto\/ebook-nacionalidades-latinas-segun-los-casos\/","og_site_name":"Amamos Idiomas","article_modified_time":"2024-09-02T21:18:52+00:00","og_image":[{"width":1400,"height":1000,"url":"https:\/\/amamosidiomas.com\/wp-content\/uploads\/2021\/12\/MOCK-UP-EBOOK.png","type":"image\/png"}],"twitter_card":"summary_large_image","twitter_misc":{"Szacowany czas czytania":"1 minuta"},"schema":{"@context":"https:\/\/schema.org","@graph":[{"@type":"WebPage","@id":"https:\/\/amamosidiomas.com\/producto\/ebook-nacionalidades-latinas-segun-los-casos\/","url":"https:\/\/amamosidiomas.com\/producto\/ebook-nacionalidades-latinas-segun-los-casos\/","name":"Ebook: Latino, tu nacionalidad bien dicha en polaco Aprende casos","isPartOf":{"@id":"https:\/\/amamosidiomas.com\/#website"},"datePublished":"2021-12-14T16:36:37+00:00","dateModified":"2024-09-02T21:18:52+00:00","description":"Aprende casos polacos en tus primeras frases en idioma polaco. Habla sobre tu nacionalidad latinoamericana o espa\u00f1ola correctamente en polaco.","breadcrumb":{"@id":"https:\/\/amamosidiomas.com\/producto\/ebook-nacionalidades-latinas-segun-los-casos\/#breadcrumb"},"inLanguage":"pl-PL","potentialAction":[{"@type":"ReadAction","target":["https:\/\/amamosidiomas.com\/producto\/ebook-nacionalidades-latinas-segun-los-casos\/"]}]},{"@type":"BreadcrumbList","@id":"https:\/\/amamosidiomas.com\/producto\/ebook-nacionalidades-latinas-segun-los-casos\/#breadcrumb","itemListElement":[{"@type":"ListItem","position":1,"name":"Home","item":"https:\/\/amamosidiomas.com\/"},{"@type":"ListItem","position":2,"name":"Sklep","item":"https:\/\/amamosidiomas.com\/pl\/sklep\/"},{"@type":"ListItem","position":3,"name":"Ebook: &#8220;Nacionalidades latinas seg\u00fan los casos&#8221;"}]},{"@type":"WebSite","@id":"https:\/\/amamosidiomas.com\/#website","url":"https:\/\/amamosidiomas.com\/","name":"Amamos Idiomas","description":"Cursos online polaco - franc\u00e9s - espa\u00f1ol para extranjeros","potentialAction":[{"@type":"SearchAction","target":{"@type":"EntryPoint","urlTemplate":"https:\/\/amamosidiomas.com\/?s={search_term_string}"},"query-input":"required name=search_term_string"}],"inLanguage":"pl-PL"}]}},"_links":{"self":[{"href":"https:\/\/amamosidiomas.com\/pl\/wp-json\/wp\/v2\/product\/13915"}],"collection":[{"href":"https:\/\/amamosidiomas.com\/pl\/wp-json\/wp\/v2\/product"}],"about":[{"href":"https:\/\/amamosidiomas.com\/pl\/wp-json\/wp\/v2\/types\/product"}],"version-history":[{"count":1,"href":"https:\/\/amamosidiomas.com\/pl\/wp-json\/wp\/v2\/product\/13915\/revisions"}],"predecessor-version":[{"id":15849,"href":"https:\/\/amamosidiomas.com\/pl\/wp-json\/wp\/v2\/product\/13915\/revisions\/15849"}],"wp:featuredmedia":[{"embeddable":true,"href":"https:\/\/amamosidiomas.com\/pl\/wp-json\/wp\/v2\/media\/14093"}],"wp:attachment":[{"href":"https:\/\/amamosidiomas.com\/pl\/wp-json\/wp\/v2\/media?parent=13915"}],"wp:term":[{"taxonomy":"product_cat","embeddable":true,"href":"https:\/\/amamosidiomas.com\/pl\/wp-json\/wp\/v2\/product_cat?post=13915"},{"taxonomy":"product_tag","embeddable":true,"href":"https:\/\/amamosidiomas.com\/pl\/wp-json\/wp\/v2\/product_tag?post=13915"}],"curies":[{"name":"wp","href":"https:\/\/api.w.org\/{rel}","templated":true}]}}