{"id":136,"date":"2013-06-07T11:03:56","date_gmt":"2013-06-07T11:03:56","guid":{"rendered":"http:\/\/demo2.woothemes.com\/woocommerce\/?post_type=product&#038;p=50"},"modified":"2021-05-24T17:38:12","modified_gmt":"2021-05-24T17:38:12","slug":"ebook-frances-oferta-de-hospedaje","status":"publish","type":"product","link":"https:\/\/amamosidiomas.com\/pl\/producto\/ebook-frances-oferta-de-hospedaje\/","title":{"rendered":"Ebook &#8211; aprender franc\u00e9s escribiendo tu oferta de hospedaje"},"content":{"rendered":"<p><iframe title=\"\u00bfC\u00f3mo escribir un anuncio de hospedaje en ingl\u00e9s y franc\u00e9s en booking, airbnb, trivago o despegar?\" width=\"640\" height=\"360\" src=\"https:\/\/www.youtube.com\/embed\/hj0ux7pgqts?feature=oembed\" frameborder=\"0\" allow=\"accelerometer; autoplay; clipboard-write; encrypted-media; gyroscope; picture-in-picture\" allowfullscreen><\/iframe><\/p>\n<p>Mucha gente del turismo entiende la importancia del desarrollo gracias a los turistas extranjeros y estudian muchos a\u00f1os otros idiomas para ganar opini\u00f3n del experto en su rubro.<\/p>\n<h2>Franc\u00e9s hotelero<\/h2>\n<p>Puedes hacerlo de forma mucho m\u00e1s r\u00e1pida gracias a nuestros materiales orientados a las necesidades del rubro tur\u00edstico. Los conocimientos selecionados y ajustados te permiten ahorra mucho tiempo y finalmente el dinero.<\/p>\n<h2>\u00a1Descarga este ebook y escribe tu primer anuncio en franc\u00e9s!<\/h2>\n<p>Imagino que no conoces el idioma extranjero y no tienes tiempo para aprender desde 0. Necesitas ayuda de excelente calidad en un corto plazo para ajustar el anuncio de tu hospedaje a los clientes extranjeros. Este ejercicio es fabuloso para introducir todo el vocabulario que necesitar\u00e1s para el franc\u00e9s hotelero!<\/p>\n<p>Gracias a las simplificaciones del idioma podes usar solo palabras, expresiones y frases enteras que coinciden con tu rubro <b>\u201cinmobiliario, turismo, marketing\u201d<\/b>.<\/p>\n<p>No tienes que aprender un idioma con toda la gram\u00e1tica y vocabulario que nunca usar\u00e1s en tu negocio. Claro, que ser\u00e1 mejor saber todo pero el tiempo en nuestra vida es limitado. Si ahorras tiempo para incrementar mejoras en tu negocio, ganar\u00e1s m\u00e1s en un tiempo m\u00e1s corto.<\/p>\n<h3>M\u00e1s idiomas extranjeros en tu hospedaje marca la diferencia con tu competencia y el prestigio que lleva tu oferta.<\/h3>\n<p>Muchos <b>turistas buscan atenci\u00f3n en su idioma natal<\/b>, quieren pasar vacaciones en buen ambiente y est\u00e1n dispuestos a pagar m\u00e1s por la excelente atenci\u00f3n.<\/p>\n<p>Tambi\u00e9n sube el nivel de tu hospedaje, sube el valor de tu ubicaci\u00f3n, pueblo, ciudad y regi\u00f3n como destinaci\u00f3n internacional. Reconocimiento de tu \u00e1rea significa la mejor calidad de vida de todos los habitantes, empresarios e inversores.<\/p>\n<p>Crece y aprovecha este ebook donde aprender\u00e1s en <b>2 horas el idioma franc\u00e9s para presentar tu alojamiento<\/b>. No s\u00f3lo escribes un anuncio perfecto pero aprendas y memorizas idioma para despu\u00e9s usarlo con tus hu\u00e9spedes. <b>\u00a1Gana puntos y mejora tu servicio!<\/b><\/p>\n","protected":false},"excerpt":{"rendered":"<p>Pellentesque habitant morbi tristique senectus et netus et malesuada fames ac turpis egestas. Vestibulum tortor quam, feugiat vitae, ultricies eget, tempor sit amet, ante. Donec eu libero sit amet quam egestas semper. Aenean ultricies mi vitae est. Mauris placerat eleifend leo.<\/p>\n","protected":false},"featured_media":6618,"template":"","meta":{"pmpro_default_level":"","_monsterinsights_skip_tracking":false,"_monsterinsights_sitenote_active":false,"_monsterinsights_sitenote_note":"","_monsterinsights_sitenote_category":0,"_joinchat":[]},"product_cat":[897,761],"product_tag":[1012,1008,1009,1011,884,1010],"yoast_head":"<!-- This site is optimized with the Yoast SEO plugin v21.8.1 - https:\/\/yoast.com\/wordpress\/plugins\/seo\/ -->\n<title>Aprender franc\u00e9s hotelero escribiendo una oferta de hospedaje<\/title>\n<meta name=\"description\" content=\"Curso de idioma franc\u00e9s hotelero. Ebook a descargar con los ejercicios. Aprender idioma franc\u00e9s escribiendo una oferta de hospedaje.\" \/>\n<meta name=\"robots\" content=\"index, follow, max-snippet:-1, max-image-preview:large, max-video-preview:-1\" \/>\n<link rel=\"canonical\" href=\"https:\/\/amamosidiomas.com\/producto\/ebook-frances-oferta-de-hospedaje\/\" \/>\n<meta property=\"og:locale\" content=\"pl_PL\" \/>\n<meta property=\"og:type\" content=\"article\" \/>\n<meta property=\"og:title\" content=\"Aprender franc\u00e9s hotelero escribiendo una oferta de hospedaje\" \/>\n<meta property=\"og:description\" content=\"Curso de idioma franc\u00e9s hotelero. Ebook a descargar con los ejercicios. Aprender idioma franc\u00e9s escribiendo una oferta de hospedaje.\" \/>\n<meta property=\"og:url\" content=\"https:\/\/amamosidiomas.com\/producto\/ebook-frances-oferta-de-hospedaje\/\" \/>\n<meta property=\"og:site_name\" content=\"Amamos Idiomas\" \/>\n<meta property=\"article:modified_time\" content=\"2021-05-24T17:38:12+00:00\" \/>\n<meta property=\"og:image\" content=\"https:\/\/amamosidiomas.com\/wp-content\/uploads\/2013\/06\/ebook-escribir-anuncio-hospedaje-en-frances.jpg\" \/>\n\t<meta property=\"og:image:width\" content=\"1414\" \/>\n\t<meta property=\"og:image:height\" content=\"2000\" \/>\n\t<meta property=\"og:image:type\" content=\"image\/jpeg\" \/>\n<meta name=\"twitter:card\" content=\"summary_large_image\" \/>\n<meta name=\"twitter:label1\" content=\"Szacowany czas czytania\" \/>\n\t<meta name=\"twitter:data1\" content=\"2 minuty\" \/>\n<script type=\"application\/ld+json\" class=\"yoast-schema-graph\">{\"@context\":\"https:\/\/schema.org\",\"@graph\":[{\"@type\":\"WebPage\",\"@id\":\"https:\/\/amamosidiomas.com\/producto\/ebook-frances-oferta-de-hospedaje\/\",\"url\":\"https:\/\/amamosidiomas.com\/producto\/ebook-frances-oferta-de-hospedaje\/\",\"name\":\"Aprender franc\u00e9s hotelero escribiendo una oferta de hospedaje\",\"isPartOf\":{\"@id\":\"https:\/\/amamosidiomas.com\/#website\"},\"datePublished\":\"2013-06-07T11:03:56+00:00\",\"dateModified\":\"2021-05-24T17:38:12+00:00\",\"description\":\"Curso de idioma franc\u00e9s hotelero. Ebook a descargar con los ejercicios. Aprender idioma franc\u00e9s escribiendo una oferta de hospedaje.\",\"breadcrumb\":{\"@id\":\"https:\/\/amamosidiomas.com\/producto\/ebook-frances-oferta-de-hospedaje\/#breadcrumb\"},\"inLanguage\":\"pl-PL\",\"potentialAction\":[{\"@type\":\"ReadAction\",\"target\":[\"https:\/\/amamosidiomas.com\/producto\/ebook-frances-oferta-de-hospedaje\/\"]}]},{\"@type\":\"BreadcrumbList\",\"@id\":\"https:\/\/amamosidiomas.com\/producto\/ebook-frances-oferta-de-hospedaje\/#breadcrumb\",\"itemListElement\":[{\"@type\":\"ListItem\",\"position\":1,\"name\":\"Home\",\"item\":\"https:\/\/amamosidiomas.com\/\"},{\"@type\":\"ListItem\",\"position\":2,\"name\":\"Sklep\",\"item\":\"https:\/\/amamosidiomas.com\/pl\/sklep\/\"},{\"@type\":\"ListItem\",\"position\":3,\"name\":\"Ebook &#8211; aprender franc\u00e9s escribiendo tu oferta de hospedaje\"}]},{\"@type\":\"WebSite\",\"@id\":\"https:\/\/amamosidiomas.com\/#website\",\"url\":\"https:\/\/amamosidiomas.com\/\",\"name\":\"Amamos Idiomas\",\"description\":\"Cursos online polaco - franc\u00e9s - espa\u00f1ol para extranjeros\",\"potentialAction\":[{\"@type\":\"SearchAction\",\"target\":{\"@type\":\"EntryPoint\",\"urlTemplate\":\"https:\/\/amamosidiomas.com\/?s={search_term_string}\"},\"query-input\":\"required name=search_term_string\"}],\"inLanguage\":\"pl-PL\"}]}<\/script>\n<!-- \/ Yoast SEO plugin. -->","yoast_head_json":{"title":"Aprender franc\u00e9s hotelero escribiendo una oferta de hospedaje","description":"Curso de idioma franc\u00e9s hotelero. Ebook a descargar con los ejercicios. Aprender idioma franc\u00e9s escribiendo una oferta de hospedaje.","robots":{"index":"index","follow":"follow","max-snippet":"max-snippet:-1","max-image-preview":"max-image-preview:large","max-video-preview":"max-video-preview:-1"},"canonical":"https:\/\/amamosidiomas.com\/producto\/ebook-frances-oferta-de-hospedaje\/","og_locale":"pl_PL","og_type":"article","og_title":"Aprender franc\u00e9s hotelero escribiendo una oferta de hospedaje","og_description":"Curso de idioma franc\u00e9s hotelero. Ebook a descargar con los ejercicios. Aprender idioma franc\u00e9s escribiendo una oferta de hospedaje.","og_url":"https:\/\/amamosidiomas.com\/producto\/ebook-frances-oferta-de-hospedaje\/","og_site_name":"Amamos Idiomas","article_modified_time":"2021-05-24T17:38:12+00:00","og_image":[{"width":1414,"height":2000,"url":"https:\/\/amamosidiomas.com\/wp-content\/uploads\/2013\/06\/ebook-escribir-anuncio-hospedaje-en-frances.jpg","type":"image\/jpeg"}],"twitter_card":"summary_large_image","twitter_misc":{"Szacowany czas czytania":"2 minuty"},"schema":{"@context":"https:\/\/schema.org","@graph":[{"@type":"WebPage","@id":"https:\/\/amamosidiomas.com\/producto\/ebook-frances-oferta-de-hospedaje\/","url":"https:\/\/amamosidiomas.com\/producto\/ebook-frances-oferta-de-hospedaje\/","name":"Aprender franc\u00e9s hotelero escribiendo una oferta de hospedaje","isPartOf":{"@id":"https:\/\/amamosidiomas.com\/#website"},"datePublished":"2013-06-07T11:03:56+00:00","dateModified":"2021-05-24T17:38:12+00:00","description":"Curso de idioma franc\u00e9s hotelero. Ebook a descargar con los ejercicios. Aprender idioma franc\u00e9s escribiendo una oferta de hospedaje.","breadcrumb":{"@id":"https:\/\/amamosidiomas.com\/producto\/ebook-frances-oferta-de-hospedaje\/#breadcrumb"},"inLanguage":"pl-PL","potentialAction":[{"@type":"ReadAction","target":["https:\/\/amamosidiomas.com\/producto\/ebook-frances-oferta-de-hospedaje\/"]}]},{"@type":"BreadcrumbList","@id":"https:\/\/amamosidiomas.com\/producto\/ebook-frances-oferta-de-hospedaje\/#breadcrumb","itemListElement":[{"@type":"ListItem","position":1,"name":"Home","item":"https:\/\/amamosidiomas.com\/"},{"@type":"ListItem","position":2,"name":"Sklep","item":"https:\/\/amamosidiomas.com\/pl\/sklep\/"},{"@type":"ListItem","position":3,"name":"Ebook &#8211; aprender franc\u00e9s escribiendo tu oferta de hospedaje"}]},{"@type":"WebSite","@id":"https:\/\/amamosidiomas.com\/#website","url":"https:\/\/amamosidiomas.com\/","name":"Amamos Idiomas","description":"Cursos online polaco - franc\u00e9s - espa\u00f1ol para extranjeros","potentialAction":[{"@type":"SearchAction","target":{"@type":"EntryPoint","urlTemplate":"https:\/\/amamosidiomas.com\/?s={search_term_string}"},"query-input":"required name=search_term_string"}],"inLanguage":"pl-PL"}]}},"_links":{"self":[{"href":"https:\/\/amamosidiomas.com\/pl\/wp-json\/wp\/v2\/product\/136"}],"collection":[{"href":"https:\/\/amamosidiomas.com\/pl\/wp-json\/wp\/v2\/product"}],"about":[{"href":"https:\/\/amamosidiomas.com\/pl\/wp-json\/wp\/v2\/types\/product"}],"version-history":[{"count":1,"href":"https:\/\/amamosidiomas.com\/pl\/wp-json\/wp\/v2\/product\/136\/revisions"}],"predecessor-version":[{"id":21032,"href":"https:\/\/amamosidiomas.com\/pl\/wp-json\/wp\/v2\/product\/136\/revisions\/21032"}],"wp:featuredmedia":[{"embeddable":true,"href":"https:\/\/amamosidiomas.com\/pl\/wp-json\/wp\/v2\/media\/6618"}],"wp:attachment":[{"href":"https:\/\/amamosidiomas.com\/pl\/wp-json\/wp\/v2\/media?parent=136"}],"wp:term":[{"taxonomy":"product_cat","embeddable":true,"href":"https:\/\/amamosidiomas.com\/pl\/wp-json\/wp\/v2\/product_cat?post=136"},{"taxonomy":"product_tag","embeddable":true,"href":"https:\/\/amamosidiomas.com\/pl\/wp-json\/wp\/v2\/product_tag?post=136"}],"curies":[{"name":"wp","href":"https:\/\/api.w.org\/{rel}","templated":true}]}}