{"id":13409,"date":"2021-05-23T23:10:34","date_gmt":"2021-05-23T23:10:34","guid":{"rendered":"https:\/\/amamosidiomas.com\/?post_type=product&#038;p=13409"},"modified":"2023-07-22T15:11:18","modified_gmt":"2023-07-22T15:11:18","slug":"webinar-pronunciacion-polaca","status":"publish","type":"product","link":"https:\/\/amamosidiomas.com\/pl\/producto\/webinar-pronunciacion-polaca\/","title":{"rendered":"Webinar: pronunciaci\u00f3n polaca"},"content":{"rendered":"<p>Webinar de 2 horas en vivo para hacer todos los ejercicios de la pronunciaci\u00f3n polaca m\u00e1s importantes para los hispanohablantes. Explicaremos la pronunciaci\u00f3n polaca gracias a los conocimientos de fon\u00e9tica y fonolog\u00eda en los ejemplos \u00fatiles. Despu\u00e9s de este webinar de pronunciaci\u00f3n polaco sabr\u00e1s leer correctamente el texto en idioma polaco.<\/p>\n<h2>\u00bfQu\u00e9 es el webinar de pronunciaci\u00f3n polaca?<\/h2>\n<p><span class=\"\">El objetivo de este webinar es hablar idioma polaco sin errores de pronunciaci\u00f3n y estar entendido por el nativo. +<\/span><\/p>\n<h2>\u00bfC\u00f3mo es el programa de esta Masterclass de 120 minutos?<\/h2>\n<p>Pronunciamos juntos las frases m\u00e1s usadas en polaco<\/p>\n<p>Explicamos a base de 10 frases reglas de pronunciaci\u00f3n.<\/p>\n<p>Conocemos en el contexto todos los diptongos y digrafos.<\/p>\n<p>Hacemos 3 tipos de ejercicios fonoaudiol\u00f3gicos para todas las consonantes fricativas, oclusivas y aproximadas (mayor dificultad para los extranjeros)<\/p>\n<p>Repetimos todos los conocimientos adquiridos con trabalenguas polacas m\u00e1s populares.<\/p>\n<h2>Bonus Gratis para imprimir<\/h2>\n<p>A tu disposici\u00f3n tienes un Workbook con todos los ejercicios que te permiten ordenar tus conocimientos. Descargalo en formato de PDF y disfruta esta ayuda en forma visual.<\/p>\n<h2>\u00bfQui\u00e9n organizar\u00e1 esta clase?<\/h2>\n<p>Soy Ewelina, nativa de Polonia, tengo Maestr\u00eda en Ense\u00f1anza Idioma Franc\u00e9s como Lengua Extranjera de Universit\u00e9 de Nantes, 10 a\u00f1os de experiencia como profe universitario e varios institutos de idiomas. Autora del libro &#8220;Aprende polaco en 1 mes&#8221; y 7 niveles de cursos autodidactas para principiantes en Amamos Idiomas.<\/p>\n<p>&nbsp;<\/p>\n<p>&nbsp;<\/p>\n","protected":false},"excerpt":{"rendered":"<p>Webinar de 2 horas en vivo para hacer todos los ejercicios de la pronunciaci\u00f3n polaca m\u00e1s importantes para los hispanohablantes. Explicaremos la pronunciaci\u00f3n polaca gracias a los conocimientos de fon\u00e9tica y fonolog\u00eda en los ejemplos \u00fatiles. Despu\u00e9s de este webinar &hellip; <\/p>\n","protected":false},"featured_media":13410,"template":"","meta":{"pmpro_default_level":"","_monsterinsights_skip_tracking":false,"_monsterinsights_sitenote_active":false,"_monsterinsights_sitenote_note":"","_monsterinsights_sitenote_category":0,"_joinchat":[]},"product_cat":[863],"product_tag":[1005,1006,1004,1003],"yoast_head":"<!-- This site is optimized with the Yoast SEO plugin v21.8.1 - https:\/\/yoast.com\/wordpress\/plugins\/seo\/ -->\n<title>Webinar: pronunciaci\u00f3n polaca desde cero para hispanohablantes<\/title>\n<meta name=\"description\" content=\"Webinar de 2 horas en vivo para hacer todos los ejercicios de la pronunciaci\u00f3n polaca m\u00e1s importantes para los hispanohablantes.\" \/>\n<meta name=\"robots\" content=\"index, follow, max-snippet:-1, max-image-preview:large, max-video-preview:-1\" \/>\n<link rel=\"canonical\" href=\"https:\/\/amamosidiomas.com\/producto\/webinar-pronunciacion-polaca\/\" \/>\n<meta property=\"og:locale\" content=\"pl_PL\" \/>\n<meta property=\"og:type\" content=\"article\" \/>\n<meta property=\"og:title\" content=\"Webinar: pronunciaci\u00f3n polaca desde cero para hispanohablantes\" \/>\n<meta property=\"og:description\" content=\"Webinar de 2 horas en vivo para hacer todos los ejercicios de la pronunciaci\u00f3n polaca m\u00e1s importantes para los hispanohablantes.\" \/>\n<meta property=\"og:url\" content=\"https:\/\/amamosidiomas.com\/producto\/webinar-pronunciacion-polaca\/\" \/>\n<meta property=\"og:site_name\" content=\"Amamos Idiomas\" \/>\n<meta property=\"article:modified_time\" content=\"2023-07-22T15:11:18+00:00\" \/>\n<meta property=\"og:image\" content=\"https:\/\/amamosidiomas.com\/wp-content\/uploads\/2021\/05\/webinar-pronunciacion-polaca-1.jpg\" \/>\n\t<meta property=\"og:image:width\" content=\"940\" \/>\n\t<meta property=\"og:image:height\" content=\"788\" \/>\n\t<meta property=\"og:image:type\" content=\"image\/jpeg\" \/>\n<meta name=\"twitter:card\" content=\"summary_large_image\" \/>\n<meta name=\"twitter:label1\" content=\"Szacowany czas czytania\" \/>\n\t<meta name=\"twitter:data1\" content=\"2 minuty\" \/>\n<script type=\"application\/ld+json\" class=\"yoast-schema-graph\">{\"@context\":\"https:\/\/schema.org\",\"@graph\":[{\"@type\":\"WebPage\",\"@id\":\"https:\/\/amamosidiomas.com\/producto\/webinar-pronunciacion-polaca\/\",\"url\":\"https:\/\/amamosidiomas.com\/producto\/webinar-pronunciacion-polaca\/\",\"name\":\"Webinar: pronunciaci\u00f3n polaca desde cero para hispanohablantes\",\"isPartOf\":{\"@id\":\"https:\/\/amamosidiomas.com\/#website\"},\"datePublished\":\"2021-05-23T23:10:34+00:00\",\"dateModified\":\"2023-07-22T15:11:18+00:00\",\"description\":\"Webinar de 2 horas en vivo para hacer todos los ejercicios de la pronunciaci\u00f3n polaca m\u00e1s importantes para los hispanohablantes.\",\"breadcrumb\":{\"@id\":\"https:\/\/amamosidiomas.com\/producto\/webinar-pronunciacion-polaca\/#breadcrumb\"},\"inLanguage\":\"pl-PL\",\"potentialAction\":[{\"@type\":\"ReadAction\",\"target\":[\"https:\/\/amamosidiomas.com\/producto\/webinar-pronunciacion-polaca\/\"]}]},{\"@type\":\"BreadcrumbList\",\"@id\":\"https:\/\/amamosidiomas.com\/producto\/webinar-pronunciacion-polaca\/#breadcrumb\",\"itemListElement\":[{\"@type\":\"ListItem\",\"position\":1,\"name\":\"Home\",\"item\":\"https:\/\/amamosidiomas.com\/\"},{\"@type\":\"ListItem\",\"position\":2,\"name\":\"Sklep\",\"item\":\"https:\/\/amamosidiomas.com\/pl\/sklep\/\"},{\"@type\":\"ListItem\",\"position\":3,\"name\":\"Webinar: pronunciaci\u00f3n polaca\"}]},{\"@type\":\"WebSite\",\"@id\":\"https:\/\/amamosidiomas.com\/#website\",\"url\":\"https:\/\/amamosidiomas.com\/\",\"name\":\"Amamos Idiomas\",\"description\":\"Cursos online polaco - franc\u00e9s - espa\u00f1ol para extranjeros\",\"potentialAction\":[{\"@type\":\"SearchAction\",\"target\":{\"@type\":\"EntryPoint\",\"urlTemplate\":\"https:\/\/amamosidiomas.com\/?s={search_term_string}\"},\"query-input\":\"required name=search_term_string\"}],\"inLanguage\":\"pl-PL\"}]}<\/script>\n<!-- \/ Yoast SEO plugin. -->","yoast_head_json":{"title":"Webinar: pronunciaci\u00f3n polaca desde cero para hispanohablantes","description":"Webinar de 2 horas en vivo para hacer todos los ejercicios de la pronunciaci\u00f3n polaca m\u00e1s importantes para los hispanohablantes.","robots":{"index":"index","follow":"follow","max-snippet":"max-snippet:-1","max-image-preview":"max-image-preview:large","max-video-preview":"max-video-preview:-1"},"canonical":"https:\/\/amamosidiomas.com\/producto\/webinar-pronunciacion-polaca\/","og_locale":"pl_PL","og_type":"article","og_title":"Webinar: pronunciaci\u00f3n polaca desde cero para hispanohablantes","og_description":"Webinar de 2 horas en vivo para hacer todos los ejercicios de la pronunciaci\u00f3n polaca m\u00e1s importantes para los hispanohablantes.","og_url":"https:\/\/amamosidiomas.com\/producto\/webinar-pronunciacion-polaca\/","og_site_name":"Amamos Idiomas","article_modified_time":"2023-07-22T15:11:18+00:00","og_image":[{"width":940,"height":788,"url":"https:\/\/amamosidiomas.com\/wp-content\/uploads\/2021\/05\/webinar-pronunciacion-polaca-1.jpg","type":"image\/jpeg"}],"twitter_card":"summary_large_image","twitter_misc":{"Szacowany czas czytania":"2 minuty"},"schema":{"@context":"https:\/\/schema.org","@graph":[{"@type":"WebPage","@id":"https:\/\/amamosidiomas.com\/producto\/webinar-pronunciacion-polaca\/","url":"https:\/\/amamosidiomas.com\/producto\/webinar-pronunciacion-polaca\/","name":"Webinar: pronunciaci\u00f3n polaca desde cero para hispanohablantes","isPartOf":{"@id":"https:\/\/amamosidiomas.com\/#website"},"datePublished":"2021-05-23T23:10:34+00:00","dateModified":"2023-07-22T15:11:18+00:00","description":"Webinar de 2 horas en vivo para hacer todos los ejercicios de la pronunciaci\u00f3n polaca m\u00e1s importantes para los hispanohablantes.","breadcrumb":{"@id":"https:\/\/amamosidiomas.com\/producto\/webinar-pronunciacion-polaca\/#breadcrumb"},"inLanguage":"pl-PL","potentialAction":[{"@type":"ReadAction","target":["https:\/\/amamosidiomas.com\/producto\/webinar-pronunciacion-polaca\/"]}]},{"@type":"BreadcrumbList","@id":"https:\/\/amamosidiomas.com\/producto\/webinar-pronunciacion-polaca\/#breadcrumb","itemListElement":[{"@type":"ListItem","position":1,"name":"Home","item":"https:\/\/amamosidiomas.com\/"},{"@type":"ListItem","position":2,"name":"Sklep","item":"https:\/\/amamosidiomas.com\/pl\/sklep\/"},{"@type":"ListItem","position":3,"name":"Webinar: pronunciaci\u00f3n polaca"}]},{"@type":"WebSite","@id":"https:\/\/amamosidiomas.com\/#website","url":"https:\/\/amamosidiomas.com\/","name":"Amamos Idiomas","description":"Cursos online polaco - franc\u00e9s - espa\u00f1ol para extranjeros","potentialAction":[{"@type":"SearchAction","target":{"@type":"EntryPoint","urlTemplate":"https:\/\/amamosidiomas.com\/?s={search_term_string}"},"query-input":"required name=search_term_string"}],"inLanguage":"pl-PL"}]}},"_links":{"self":[{"href":"https:\/\/amamosidiomas.com\/pl\/wp-json\/wp\/v2\/product\/13409"}],"collection":[{"href":"https:\/\/amamosidiomas.com\/pl\/wp-json\/wp\/v2\/product"}],"about":[{"href":"https:\/\/amamosidiomas.com\/pl\/wp-json\/wp\/v2\/types\/product"}],"version-history":[{"count":2,"href":"https:\/\/amamosidiomas.com\/pl\/wp-json\/wp\/v2\/product\/13409\/revisions"}],"predecessor-version":[{"id":20901,"href":"https:\/\/amamosidiomas.com\/pl\/wp-json\/wp\/v2\/product\/13409\/revisions\/20901"}],"wp:featuredmedia":[{"embeddable":true,"href":"https:\/\/amamosidiomas.com\/pl\/wp-json\/wp\/v2\/media\/13410"}],"wp:attachment":[{"href":"https:\/\/amamosidiomas.com\/pl\/wp-json\/wp\/v2\/media?parent=13409"}],"wp:term":[{"taxonomy":"product_cat","embeddable":true,"href":"https:\/\/amamosidiomas.com\/pl\/wp-json\/wp\/v2\/product_cat?post=13409"},{"taxonomy":"product_tag","embeddable":true,"href":"https:\/\/amamosidiomas.com\/pl\/wp-json\/wp\/v2\/product_tag?post=13409"}],"curies":[{"name":"wp","href":"https:\/\/api.w.org\/{rel}","templated":true}]}}